{"id":9,"date":"2024-04-07T20:09:27","date_gmt":"2024-04-07T20:09:27","guid":{"rendered":"http:\/\/przysiegly-hiszpanski.com\/?page_id=9"},"modified":"2024-11-22T07:17:36","modified_gmt":"2024-11-22T07:17:36","slug":"oferta","status":"publish","type":"page","link":"https:\/\/przysiegly-hiszpanski.com\/?page_id=9","title":{"rendered":"Oferta"},"content":{"rendered":"\n<p class=\"has-text-align-center\">Oferuj\u0119 t\u0142umaczenia pisemne po\u015bwiadczone (uwierzytelnione, tzw. przysi\u0119g\u0142e) i zwyk\u0142e oraz ustne w parze j\u0119zykowej hiszpa\u0144ski-polski. T\u0142umaczenia pisemne wykonuj\u0119 dla klient\u00f3w z ca\u0142ej Polski oraz tych, kt\u00f3rzy zamieszkuj\u0105 poza jej granicami. T\u0142umaczenia ustne wykonuj\u0119 na terenie Katowic oraz okolicznych miast lub online. Serdecznie zapraszam!<\/p>\n\n\n\n\n","protected":false},"excerpt":{"rendered":"<p>Oferuj\u0119 t\u0142umaczenia pisemne po\u015bwiadczone (uwierzytelnione, tzw. przysi\u0119g\u0142e) i zwyk\u0142e oraz ustne w parze j\u0119zykowej hiszpa\u0144ski-polski. T\u0142umaczenia pisemne wykonuj\u0119 dla klient\u00f3w z ca\u0142ej Polski oraz tych, kt\u00f3rzy zamieszkuj\u0105 poza jej granicami. T\u0142umaczenia ustne wykonuj\u0119 na terenie Katowic oraz okolicznych miast lub online. Serdecznie zapraszam!<\/p>\n","protected":false},"author":1,"featured_media":0,"parent":0,"menu_order":0,"comment_status":"closed","ping_status":"closed","template":"","meta":{"saved_in_kubio":true,"footnotes":""},"class_list":["post-9","page","type-page","status-publish","hentry"],"kubio_ai_page_context":{"short_desc":"","purpose":"general"},"_links":{"self":[{"href":"https:\/\/przysiegly-hiszpanski.com\/index.php?rest_route=\/wp\/v2\/pages\/9","targetHints":{"allow":["GET"]}}],"collection":[{"href":"https:\/\/przysiegly-hiszpanski.com\/index.php?rest_route=\/wp\/v2\/pages"}],"about":[{"href":"https:\/\/przysiegly-hiszpanski.com\/index.php?rest_route=\/wp\/v2\/types\/page"}],"author":[{"embeddable":true,"href":"https:\/\/przysiegly-hiszpanski.com\/index.php?rest_route=\/wp\/v2\/users\/1"}],"replies":[{"embeddable":true,"href":"https:\/\/przysiegly-hiszpanski.com\/index.php?rest_route=%2Fwp%2Fv2%2Fcomments&post=9"}],"version-history":[{"count":74,"href":"https:\/\/przysiegly-hiszpanski.com\/index.php?rest_route=\/wp\/v2\/pages\/9\/revisions"}],"predecessor-version":[{"id":880,"href":"https:\/\/przysiegly-hiszpanski.com\/index.php?rest_route=\/wp\/v2\/pages\/9\/revisions\/880"}],"wp:attachment":[{"href":"https:\/\/przysiegly-hiszpanski.com\/index.php?rest_route=%2Fwp%2Fv2%2Fmedia&parent=9"}],"curies":[{"name":"wp","href":"https:\/\/api.w.org\/{rel}","templated":true}]}}